{"id":42,"date":"2020-01-20T08:36:09","date_gmt":"2020-01-20T07:36:09","guid":{"rendered":"https:\/\/dev.zebris.com\/?page_id=42"},"modified":"2021-03-31T11:56:40","modified_gmt":"2021-03-31T09:56:40","slug":"impressum","status":"publish","type":"page","link":"https:\/\/www.zebris.com\/en\/impressum\/","title":{"rendered":"Imprint"},"content":{"rendered":"\n<h3 class=\"wp-block-heading\">Information provided according to Sec. 5 German Telemedia Act (TMG): <\/h3>\n\n\n\n<p>ZEBRIS Geo-IT GmbH<\/p>\n\n\n\n<p>Lipowskystr. 26<br>81373 M\u00fcnchen<\/p>\n\n\n\n<h3 class=\"wp-block-heading\">Managing Directors: <\/h3>\n\n\n\n<p>J\u00fcrgen Brendel<br>Gernot R\u00fccker<\/p>\n\n\n\n<h3 class=\"wp-block-heading\"> Contact: <\/h3>\n\n\n\n<p> Telephone: +49 89 1893789 30<br> Telefax: +49 89 1893789 39 <br> Email: <a href=\"mailto:info@zebris.com\">info@zebris.com<\/a> <\/p>\n\n\n\n<h3 class=\"wp-block-heading\"> VAT and Trade Registry: <\/h3>\n\n\n\n<p> VAT Id number according to Sec. 27 a German Value Added Tax Act:<br> DE 195623387<\/p>\n\n\n\n<p>Registered under HRB 264776, Amtsgericht M\u00fcnchen, Germany.<\/p>\n\n\n\n<h3 class=\"wp-block-heading\">Information concerning professional indemnity insurance: <\/h3>\n\n\n\n<p>Name and residence of insurer:<br> Versicherungskammer Bayern<br> Maximilianstra\u00dfe 53<br> 80530 M\u00fcnchen<\/p>\n\n\n\n<h3 class=\"wp-block-heading\">Dispute resolution<\/h3>\n\n\n\n<p>The European Commission provides a platform for online dispute resolution (OS): <a href=\"https:\/\/ec.europa.eu\/consumers\/odr\" target=\"_blank\" rel=\"noreferrer noopener\">https:\/\/ec.europa.eu\/consumers\/odr<\/a>.<br> Please find our email in the impressum\/legal notice.<\/p>\n\n\n\n<p>We do not take part in online dispute resolutions at consumer arbitration boards.<\/p>\n\n\n\n<h3 class=\"wp-block-heading\">Liability for Contents <\/h3>\n\n\n\n<p>As service providers, we are liable for own contents of these \nwebsites according to Sec. 7, paragraph 1 German Telemedia Act (TMG). \nHowever, according to Sec. 8 to 10 German Telemedia Act (TMG), service \nproviders are not obligated to permanently monitor submitted or stored \ninformation or to search for evidences that indicate illegal activities.<\/p>\n\n\n\n<p>Legal obligations to removing information or to blocking the use of  information remain unchallenged. In this case, liability is only  possible at the time of knowledge about a specific violation of law.  Illegal contents will be removed immediately at the time we get  knowledge of them.<\/p>\n\n\n\n<h3 class=\"wp-block-heading\">Liability for Links <\/h3>\n\n\n\n<p>Our offer includes links to external third party websites. We have no\n influence on the contents of those websites, therefore we cannot \nguarantee for those contents. Providers or administrators of linked \nwebsites are always responsible for their own contents.<\/p>\n\n\n\n<p>The linked websites had been checked for possible violations of law \nat the time of the establishment of the link. Illegal contents were not \ndetected at the time of the linking. A permanent monitoring of the \ncontents of linked websites cannot be imposed without reasonable \nindications that there has been a violation of law. Illegal links will \nbe removed immediately at the time we get knowledge of them.<\/p>\n\n\n\n<h3 class=\"wp-block-heading\">Copyright <\/h3>\n\n\n\n<p> Contents and compilations published on these websites by the providers  are subject to German copyright laws. Reproduction, editing,  distribution as well as the use of any kind outside the scope of the  copyright law require a written permission of the author or originator.  Downloads and copies of these websites are permitted for private use  only.<br> The commercial use of our contents without permission of the originator is prohibited. <\/p>\n\n\n\n<p> Copyright laws of third parties are respected as long as the contents on  these websites do not originate from the provider. Contributions of  third parties on this site are indicated as such. However, if you notice  any violations of copyright law, please inform us. Such contents will  be removed immediately. <\/p>\n","protected":false},"excerpt":{"rendered":"<p>Information provided according to Sec. 5 German Telemedia Act (TMG): ZEBRIS Geo-IT GmbH Lipowskystr. 2681373 M\u00fcnchen Managing Directors: J\u00fcrgen BrendelGernot R\u00fccker Contact: Telephone: +49 89 1893789 30 Telefax: +49 89 1893789 39 Email: info@zebris.com VAT and Trade Registry: VAT Id number according to Sec. 27 a German Value Added Tax Act: DE 195623387 Registered under HRB 264776, Amtsgericht M\u00fcnchen, Germany. Information concerning professional indemnity insurance: Name and residence of insurer: Versicherungskammer Bayern Maximilianstra\u00dfe 53 80530 M\u00fcnchen Dispute resolution The European Commission provides a platform for online dispute resolution (OS): https:\/\/ec.europa.eu\/consumers\/odr. Please find our email in the impressum\/legal notice. We do &#8230; <a title=\"Imprint\" class=\"read-more\" href=\"https:\/\/www.zebris.com\/en\/impressum\/\">Read more<\/a><\/p>\n","protected":false},"author":1,"featured_media":0,"parent":0,"menu_order":0,"comment_status":"closed","ping_status":"closed","template":"","meta":{"_acf_changed":false,"footnotes":""},"class_list":["post-42","page","type-page","status-publish"],"acf":[],"_links":{"self":[{"href":"https:\/\/www.zebris.com\/en\/wp-json\/wp\/v2\/pages\/42","targetHints":{"allow":["GET"]}}],"collection":[{"href":"https:\/\/www.zebris.com\/en\/wp-json\/wp\/v2\/pages"}],"about":[{"href":"https:\/\/www.zebris.com\/en\/wp-json\/wp\/v2\/types\/page"}],"author":[{"embeddable":true,"href":"https:\/\/www.zebris.com\/en\/wp-json\/wp\/v2\/users\/1"}],"replies":[{"embeddable":true,"href":"https:\/\/www.zebris.com\/en\/wp-json\/wp\/v2\/comments?post=42"}],"version-history":[{"count":5,"href":"https:\/\/www.zebris.com\/en\/wp-json\/wp\/v2\/pages\/42\/revisions"}],"predecessor-version":[{"id":2170,"href":"https:\/\/www.zebris.com\/en\/wp-json\/wp\/v2\/pages\/42\/revisions\/2170"}],"wp:attachment":[{"href":"https:\/\/www.zebris.com\/en\/wp-json\/wp\/v2\/media?parent=42"}],"curies":[{"name":"wp","href":"https:\/\/api.w.org\/{rel}","templated":true}]}}