{"id":46,"date":"2020-01-20T08:37:04","date_gmt":"2020-01-20T07:37:04","guid":{"rendered":"https:\/\/dev.zebris.com\/?page_id=46"},"modified":"2020-04-28T16:25:35","modified_gmt":"2020-04-28T14:25:35","slug":"veroeffentlichungen","status":"publish","type":"page","link":"https:\/\/www.zebris.com\/en\/veroeffentlichungen\/","title":{"rendered":"Publications"},"content":{"rendered":"<div class=\"wrapper-container\">\n<h3>GIS and remote sensing<\/h3>\n<p>van Leeuwen, T.T., van der Werf, G.R., Hoffmann, A.A., Detmers, R.G., R\u00fccker, G., French, N.H.F., Archibald, S., Carvalho Jr., J.A., Cook, G.D., de Groot, W.J., H\u00e9ly, C., Kasischke, E.S., Kloster, S., McCarty, J.L., Pettinari, M.L., Savadogo, P., Alvarado, E.C., Boschetti, L., Manuri, S., Meyer, C.P., Siegert, F., Trollope, L.A. and Trollope, W.S.W. (2014): Biomass burning fuel consumption rates: a field measurement database. Biogeosciences, 11, 7305-7329.<\/p>\n<p>Ruecker, G., de la Mar, J., Appel, F., Bach, H., Siegert, F. und Kleih, Ch. (2013): APPS4GMES \u2013 development of operational services for GMES using cloud computing technology. ESA-ESRIN, BIG DATA FROM SPACE, Frascati (Rome) 5-7 June 2013<\/p>\n<p>Ruecker, G., Hoffmann, A.A., Leimbach, D., Tiemann, J. and Ng&#8217;atigwa, C. (2013): Burned Area, Active Fires and Biomass burning \u2013 Approaches to account for Emissions from Fires in Tanzania. Poster Presentation, EGU 2013, Vienna 07-12 April 2013<\/p>\n<p>Ruecker, G., Tiemann, J., Leimbach, D. and Lorenz, E. (2013): Assessment of the Fire Radiative Power (FRP) retrieved by BIRD and the MODIS active fire products from near coincident data acquisitions. Poster Presentation, EGU 2013, Vienna 07-12 April 2013<\/p>\n<p>Ruecker, G., Lorenz, E., Hoffmann, A.A., Oertel, D., Tiemann, J., Halle, W. (2011): High Resolution Active Fire Monitoring for Global Change Analysis: The Upcoming FireBIRD Satellite Mission. Proceedings of the 5th International Wildland Fire Conference, Sun City, South Africa.<\/p>\n<p>Ruecker, G.; Mellert, K. und G\u00f6ttlein, A. (2010): Strukturdiagnose von Schutzw\u00e4ldern mit Laserscannerdaten. Beitrag zum Tagungsband der LWF-Fachtagung \u00bbDer gepixelte Wald\u00ab am 25.01.2008 in Freising, Forstliche Forschungsberichte M\u00fcnchen Nr.209, 2010, S. 9-17.<\/p>\n<p>Ruecker, G., Moder, F., Siegert, F., Ballhorn, U., Solichin, Sidiq, M. (2009): Reducing Emissions from Deforestation and Degradation: A Remote Sensing Supported Feasibility Study. Proceedings of the 33rd International Symposium on Remote Sensing of the Environment, Stresa.<\/p>\n<p>Ruecker, G., Buchholz, G., Hoffmann, A., Feldk\u00f6tter, C., Kollar, I., Camphausen, A. (2007): A View on Implementation Challanges of Geographic Information Systems in Natural Ressource Management &#8211; Examples from South East Asia. In Geoinformation for Development &#8211; Bridging the divide through partnerships. Zeil, P., Kienberger, S. (Eds). Heidelberg: Herbert Wichmann Verlag.<\/p>\n<p>Mellert, K.H., Brendel, J., G\u00f6ttlein, A., K\u00f6lling, C. R\u00fccker, G. (2005): Risiko erh\u00f6hter Nitratkonzentrationenen unter W\u00e4ldern im Raum M\u00fcnchen &#8211; Regionalisierung auf der Basis von Satellitendaten und genesteter Stichproben. Wald\u00f6kologie Online, Heft 2, 25-35.<\/p>\n<p>Ruecker, G.; Mott, C.; Rieger, D.; (2005):Automatische und visuelle Landbedeckungsklassifikation hoch aufl\u00f6sender Satelliten- und Laserscandaten von \u00dcberschwemmungsgebieten &#8211; M\u00f6glichkeiten und Grenzen. In: Angewandte Geoinformatik 2005. Beitr\u00e4ge zum 17. AGIT-Symposium Salzburg. Wichmann, Heidelberg: 590 \u2013 595.<\/p>\n<p>Ruecker, G.; Hoffmann, A.A.; Siegert, F. ; Solichin; (2004): Fire Management in Indonesia: The Use of Space Technology. United Nations International Workshop on the Use of Space Technology in Disaster Management, Munich, October 18-22, 2004.<\/p>\n<p>Ruecker, G. (2003): An Empirical Fire Danger Model for Tropical Humid Areas (East Kalimantan, Indonesia). Proceedings of the 4th International Workshop on Remote Sensing and GIS applications to Forest Fire Management: Innovative Concepts and Methods in Fire Danger Estimation, Ghent University: 119-122.<\/p>\n<p>Ruecker, G. (2003): Ein Satelliten- und GIS-gest\u00fctztes Waldbrand-Fr\u00fchwarnsystem f\u00fcr Tropische Regenw\u00e4lder in Ost-Kalimantan, Indonesien. In: Angewandte Geographische Informationsverarbeitung. XV. Beitr\u00e4ge zum AGIT Symposium 2003, Wichmann, Heidelberg: 403-410.<\/p>\n<p>Siegert, F., Ruecker, G., Hoffmann, A., Hinrichs, A (2001): Increased damage from fires in logged forests during droughts caused by El Nino. Nature, 414: 437-440.<\/p>\n<p>Siegert, F. and Ruecker, G. (2000): Use of Multitemporal ERS-2 SAR Images for Identification of Burned Scars in South-East Asian Tropical Rainforest. International Journal of Remote Sensing, 21, 14: 831-837.<\/p>\n<p>Ruecker, G. and Siegert, F. (2000): Burn Scar Mapping and Fire Damage Assessment Using ERS-2 SAR Images In East Kalimantan, Indonesia. International Archives of Photogrammetry and Remote Sensing. Vol. XXXIII, Part B7. Amsterdam. 1287-1293.<\/p>\n<p>Siegert, F. and Ruecker, G. (1999): Analysis of the 1998 ForestFires in East-Kalimantan (Indonesia) using multitemporal ERS-2 SAR Images. Earth Observation Quarterly, 61: 7-12.<\/p>\n<p>Siegert, F., Ruecker, G. , Hoffmann, A. (1999): Synergistic use of NOAA-AVHRR and multitemporal ERS-2 SAR data to assess the 1998 forest fires in East-Kalimantan (Indonesia). Proceedings of IGARRS 1999, Hamburg.<\/p>\n<p>Kuntz, S. , Siegert, F., R\u00fccker, G. (1999): ERS SAR Images for Tropical Rainforest and Land Use Monitoring: Change Detection Over Five Years and Comparison with RADARSAT and JERS SAR Images. Proceedings of IGARRS 1999, Hamburg.<\/p>\n<h3>Management nat\u00fcrlicher Ressourcen<\/h3>\n<p>Mellert, K., Ruecker, G., Weis, W., Brendel, J., Schobel, S., Wellbrock, N. (2011): Validierung von Pedotransferfunktionen mit bodenphysikalischen Messdaten und Simulation der Fehlerfortpflanzung in Wasserhaushaltsmodellen. In Freiburger Forstliche Forschung &#8211; Bodenzustandserfassung, aktuelle Gef\u00e4hrdungen und Trends: Gemeinsames Kolloquium des AK Waldb\u00f6den der DGB und der Sektion Wald und Wasser; im DVFFA und des vTI Eberswalde in Freiburg am 18.-19. Mai 2010. De, D., v.Wilpert, K. (Eds.). Freiburg: Fakult\u00e4t f\u00fcr Forst- und Umweltwissenschaften der Albert-Ludwigs-Universit\u00e4t Freiburg, Forstliche Versuchs- und Forschungsanstalt Baden-W\u00fcrttemberg (FVA) Freiburg.<\/p>\n<p>Mellert K. H., Gensior A., G\u00f6ttlein A., K\u00f6lling C., R\u00fccker G. (2006): Predicting the regional risk of elevated nitrate concentrations below forests in Bavaria by empirical modeling at different spatial scales. International Journal of Environmental Studies. Submitted.<\/p>\n<p>R\u00fccker, G., Buchholz, G. (2003): Ein GIS-System zur nachhaltigen Bewirtschaftung tropischer Regenw\u00e4lder in West-Malaysia. In: Angewandte Geographische Informationsverarbeitung. XV. Beitr\u00e4ge zum AGIT Symposium 2003, Wichmann, Heidelberg: 397-403.<\/p>\n<p>Rein, H., Ries, Th., Brendel, J. (2002): GIS in der Verwaltung von Wasserschutzgebieten.In: ArcAktuell 2\/2002, S. 40 f.<\/p>\n<p>D\u00f6rken, J., R\u00fccker, G. (2001): Geodatenserver f\u00fcr die forstliche Standortserkundung. In: ArcAktuell 2\/2001, S. 18.<\/p>\n<p>Zerweck, Th., J\u00e4ndl, A. (2000): Trinkwasserschutz in der Landwirtschaft. In: Liebig\/ Schaller (Hrsg.): ArcView GIS Arbeitsbuch, 2. Aufl., Heidelberg: Wichmann. S. 209-218.<\/p>\n<p>Brendel, J. , Scherer, V. , Zei\u00dfler, K.-O., Kaulfu\u00df, W., Kramer,M., Siemer, B. (1999): Ableitung von Bodenfunktionenkarten aus dem FachinformationssystemBoden (FIS Boden) des S\u00e4chsischen Landesamtes f\u00fcr Umwelt und Geologie (LfUG) am Beispieldes Stand\u00f6rtlichen Retentionsverm\u00f6gens f\u00fcr Wasser. In: Mitteilung der Deutschen Bodenkundlichen Gesellschaft, Band 91, H. 3, S. 1443ff, Hanover 1999.<\/p>\n<p>Zerweck, Th. (1998): GIS im Trinkwasserschutz &#8211; Das Informationssystem WSG-Manager. In: ArcAktuell 4\/1998, S. 13.<\/p>\n<p>Ruecker, G., Alcubilla, M.M., Ferrer, C., Schad, P. (1998): Naturalregeneration of degraded soils and site changes on abandoned agricultural terraces inmediterranean spain. Proceedings of the International Congress of Soil Science,Montpellier, France.<\/p>\n<h3>Internet-Anwendungen<\/h3>\n<p>Zerweck, Th., M\u00fcller-Pfannenstiel, K., Kock, U. (2003): Schneller zur Entscheidung &#8211; Umweltkataster M\u00fcnster. Internetgest\u00fctztes Informationssystem auf der Basis von ArcIMS. In: ArcAktuell 2\/2003, S. 32.<\/p>\n<p>Richter, B., Zerweck, Th. (2001): DIERCKE GIS im Internet: Das GIS f\u00fcr die Schule pr\u00e4sentiert sich jetzt mit WebView im Internet. In: ArcAktuell 1\/2001, S. 21.<\/p><\/div>\n","protected":false},"excerpt":{"rendered":"<p>GIS and remote sensing van Leeuwen, T.T., van der Werf, G.R., Hoffmann, A.A., Detmers, R.G., R\u00fccker, G., French, N.H.F., Archibald, S., Carvalho Jr., J.A., Cook, G.D., de Groot, W.J., H\u00e9ly, C., Kasischke, E.S., Kloster, S., McCarty, J.L., Pettinari, M.L., Savadogo, P., Alvarado, E.C., Boschetti, L., Manuri, S., Meyer, C.P., Siegert, F., Trollope, L.A. and Trollope, W.S.W. (2014): Biomass burning fuel consumption rates: a field measurement database. Biogeosciences, 11, 7305-7329. Ruecker, G., de la Mar, J., Appel, F., Bach, H., Siegert, F. und Kleih, Ch. (2013): APPS4GMES \u2013 development of operational services for GMES using cloud computing technology. ESA-ESRIN, BIG DATA &#8230; <a title=\"Publications\" class=\"read-more\" href=\"https:\/\/www.zebris.com\/en\/veroeffentlichungen\/\">Read more<\/a><\/p>\n","protected":false},"author":1,"featured_media":0,"parent":0,"menu_order":0,"comment_status":"closed","ping_status":"closed","template":"","meta":{"_acf_changed":false,"footnotes":""},"class_list":["post-46","page","type-page","status-publish"],"pp_statuses_selecting_workflow":false,"pp_workflow_action":"current","pp_status_selection":"publish","acf":[],"_links":{"self":[{"href":"https:\/\/www.zebris.com\/en\/wp-json\/wp\/v2\/pages\/46","targetHints":{"allow":["GET"]}}],"collection":[{"href":"https:\/\/www.zebris.com\/en\/wp-json\/wp\/v2\/pages"}],"about":[{"href":"https:\/\/www.zebris.com\/en\/wp-json\/wp\/v2\/types\/page"}],"author":[{"embeddable":true,"href":"https:\/\/www.zebris.com\/en\/wp-json\/wp\/v2\/users\/1"}],"replies":[{"embeddable":true,"href":"https:\/\/www.zebris.com\/en\/wp-json\/wp\/v2\/comments?post=46"}],"version-history":[{"count":6,"href":"https:\/\/www.zebris.com\/en\/wp-json\/wp\/v2\/pages\/46\/revisions"}],"predecessor-version":[{"id":2054,"href":"https:\/\/www.zebris.com\/en\/wp-json\/wp\/v2\/pages\/46\/revisions\/2054"}],"wp:attachment":[{"href":"https:\/\/www.zebris.com\/en\/wp-json\/wp\/v2\/media?parent=46"}],"curies":[{"name":"wp","href":"https:\/\/api.w.org\/{rel}","templated":true}]}}